{"id":1045,"date":"2018-11-18T19:20:12","date_gmt":"2018-11-18T19:20:12","guid":{"rendered":"http:\/\/www.brftranan.com\/?page_id=1045"},"modified":"2026-03-11T10:02:57","modified_gmt":"2026-03-11T08:02:57","slug":"gastlagenheter","status":"publish","type":"page","link":"https:\/\/www.brftranan.com\/index.php\/gastlagenheter\/","title":{"rendered":"G\u00e4stl\u00e4genheter"},"content":{"rendered":"<p><a href=\"http:\/\/www.brftranan.com\/wp-content\/uploads\/2018\/11\/glgh-94-1.jpg\"><img loading=\"lazy\" class=\"alignnone size-full wp-image-1047\" src=\"http:\/\/www.brftranan.com\/wp-content\/uploads\/2018\/11\/glgh-94-1.jpg\" alt=\"\" width=\"700\" height=\"409\" srcset=\"https:\/\/www.brftranan.com\/wp-content\/uploads\/2018\/11\/glgh-94-1.jpg 700w, https:\/\/www.brftranan.com\/wp-content\/uploads\/2018\/11\/glgh-94-1-513x300.jpg 513w\" sizes=\"(max-width: 700px) 100vw, 700px\" \/><\/a><\/p>\n<p>Brf Tranan har tv\u00e5 g\u00e4stl\u00e4genheter som kan hyras av alla i Minneberg.<\/p>\n<p><strong>G\u00e4stl\u00e4genheten i port 96<\/strong><br \/>\n<strong>G\u00e4st<\/strong><b>l\u00e4genheten i\u00a0 port 94<\/b><\/p>\n<p><strong>L\u00e4s mer om kostnader och villkor, samt boka via v\u00e5r bokningssida p\u00e5 <a href=\"http:\/\/bokning.brftranan.se\" target=\"_blank\" rel=\"noopener noreferrer\">bokning.brftranan.se<\/a> &#8211; har du inte bokat tidigare s\u00e5 f\u00e5r du registrera dig via samma sida. T\u00e4nk p\u00e5 att registreringen inte medf\u00f6r en bokning, eftersom granskningen sker manuellt.<br \/>\n<\/strong><\/p>\n<p>S\u00e4ngkl\u00e4der, f\u00f6rbrukningsmaterial och handdukar f\u00e5r man ta med sig sj\u00e4lv och n\u00e4r man l\u00e4mnar l\u00e4genheten ska den vara st\u00e4dad och snygg. Om den inte skulle vara st\u00e4dad vid uttr\u00e4det s\u00e5 debiteras st\u00e4dkostnad: tv\u00e5 dygnskostnader vid\u00a0 utcheckning vardag, och tre dygnskostnader vid utcheckning helg. \u00c4r den inte st\u00e4dad vid tilltr\u00e4det, mejla beskrivning och bilder <strong>n\u00e4r du anl\u00e4nder till l\u00e4genheten.<\/strong><\/p>\n<p>B\u00e5da g\u00e4stl\u00e4genheterna \u00e4r utrustade med robotdammsugare. Beskrivning finns i l\u00e4genheterna.<\/p>\n<p>Bokningen handhas av Fredrik Nevenius, Svartviksslingan 86 och har du fr\u00e5gor s\u00e5 st\u00e4lls de enklast via mail till <a href=\"mailto:bokning@brftranan.se\">bokning@brftranan.se<\/a>.<\/p>\n<p><strong>G\u00e4stl\u00e4genheterna \u00e4r nyckelfria.<\/strong> Detta inneb\u00e4r att du som bokar f\u00e5r en slumpm\u00e4ssigt genererad kod som endast fungerar under din bokning och g\u00e4ller fr\u00e5n tilltr\u00e4desdagen kl. 13.00 till avresedagen kl. 12.00. Anv\u00e4nd den nedre koddosan, och avsluta med OK-knappen f\u00f6r att \u00f6ppna.<\/p>\n<p><strong>B\u00e5da g\u00e4stl\u00e4genheterna har eget Wifi.\u00a0<\/strong>L\u00f6senordet till wifi \u00e4r samma som din kod, men med till\u00e4gget &#8221;OK&#8221;. Dvs \u00e4r din kod 123456 s\u00e5 \u00e4r l\u00f6senordet 123456OK<\/p>\n<h3><a href=\"http:\/\/bokning.brftranan.com\" target=\"_blank\" rel=\"noopener noreferrer\">Klicka h\u00e4r f\u00f6r att se lediga dagar online &gt;<\/a><\/h3>\n<hr \/>\n<h2>G\u00e4stl\u00e4genheten Svartviksslingan 94:<\/h2>\n<p><a href=\"http:\/\/www.brftranan.com\/wp-content\/uploads\/2018\/11\/glgh-94-2.jpg\"><img loading=\"lazy\" class=\"wp-image-1057 alignright\" src=\"http:\/\/www.brftranan.com\/wp-content\/uploads\/2018\/11\/glgh-94-2.jpg\" alt=\"\" width=\"350\" height=\"234\" srcset=\"https:\/\/www.brftranan.com\/wp-content\/uploads\/2018\/11\/glgh-94-2.jpg 700w, https:\/\/www.brftranan.com\/wp-content\/uploads\/2018\/11\/glgh-94-2-448x300.jpg 448w\" sizes=\"(max-width: 350px) 100vw, 350px\" \/><\/a>L\u00e4genheten rymmer fyra personer och har en dubbels\u00e4ng och en b\u00e4ddsoffa. Eget badrum med toalett och dusch. Bord med fyra stolar, TV. K\u00f6ksdelen har spisplattor, micro, kylsk\u00e5p, diskb\u00e4nk, kaffebryggare, vattenkokare, porslin, bestick, glas etc.<\/p>\n<p><a href=\"http:\/\/www.brftranan.com\/index.php\/gastlagenheten-svartviksslingan-94\/\" target=\"_blank\" rel=\"noopener noreferrer\">Se fler bilder p\u00e5 l\u00e4genheten i 94:an &gt;<\/a><\/p>\n<hr \/>\n<h2>G\u00e4stl\u00e4genheten Svartviksslingan 96:<\/h2>\n<p><img loading=\"lazy\" class=\"wp-image-303 alignright\" src=\"http:\/\/www.brftranan.com\/wp-content\/uploads\/2013\/04\/gastlagenheten.jpg\" alt=\"gastlagenheten\" width=\"350\" height=\"194\" srcset=\"https:\/\/www.brftranan.com\/wp-content\/uploads\/2013\/04\/gastlagenheten.jpg 700w, https:\/\/www.brftranan.com\/wp-content\/uploads\/2013\/04\/gastlagenheten-542x300.jpg 542w, https:\/\/www.brftranan.com\/wp-content\/uploads\/2013\/04\/gastlagenheten-624x344.jpg 624w\" sizes=\"(max-width: 350px) 100vw, 350px\" \/><br \/>\nL\u00e4genheten rymmer fyra personer och har en dubbels\u00e4ng och en b\u00e4ddsoffa. Eget badrum med toalett och dusch. Bord med fyra stolar, TV. K\u00f6ksdelen har spisplattor, micro, kylsk\u00e5p, diskb\u00e4nk, kaffebryggare, vattenkokare, porslin, bestick, glas etc.<\/p>\n<p><a href=\"http:\/\/www.brftranan.com\/index.php\/gastlagenheten-svartviksslingan-96\/\" target=\"_blank\" rel=\"noopener noreferrer\">Se fler bilder p\u00e5 l\u00e4genheten i 96:an &gt;<\/a><\/p>\n<hr \/>\n<h3>Om det skulle vara fullbokat, prova g\u00e4rna att boka hos de andra f\u00f6reningarna p\u00e5 <a href=\"https:\/\/www.hsb.se\/stockholm\/brf\/minnebergs-sam\/nyinflyttad\/gastlagenheter\/\" target=\"_blank\" rel=\"noopener\">minneberg.se<\/a>:<\/h3>\n<p><strong>Brf. Tangen, 73:an<\/strong><br \/>\n6 b\u00e4ddar.<\/p>\n<p><strong>Brf. Svartvik, 15 B<\/strong><br \/>\n6 b\u00e4ddar.<\/p>\n<p><strong>Brf. Sandvik 110:an<\/strong><br \/>\n4-6 b\u00e4ddar + 2 b\u00e4ddar.<\/p>\n<p><strong>Brf. H\u00e4gern, 6:an (portalhusen)<\/strong><br \/>\n2 b\u00e4ddar.<\/p>\n","protected":false},"excerpt":{"rendered":"<p>Brf Tranan har tv\u00e5 g\u00e4stl\u00e4genheter som kan hyras av alla i Minneberg. G\u00e4stl\u00e4genheten i port 96 G\u00e4stl\u00e4genheten i\u00a0 port 94 L\u00e4s mer om kostnader och villkor, samt boka via v\u00e5r [&hellip;]<\/p>\n","protected":false},"author":1,"featured_media":0,"parent":0,"menu_order":0,"comment_status":"closed","ping_status":"closed","template":"","meta":[],"_links":{"self":[{"href":"https:\/\/www.brftranan.com\/index.php\/wp-json\/wp\/v2\/pages\/1045"}],"collection":[{"href":"https:\/\/www.brftranan.com\/index.php\/wp-json\/wp\/v2\/pages"}],"about":[{"href":"https:\/\/www.brftranan.com\/index.php\/wp-json\/wp\/v2\/types\/page"}],"author":[{"embeddable":true,"href":"https:\/\/www.brftranan.com\/index.php\/wp-json\/wp\/v2\/users\/1"}],"replies":[{"embeddable":true,"href":"https:\/\/www.brftranan.com\/index.php\/wp-json\/wp\/v2\/comments?post=1045"}],"version-history":[{"count":27,"href":"https:\/\/www.brftranan.com\/index.php\/wp-json\/wp\/v2\/pages\/1045\/revisions"}],"predecessor-version":[{"id":1946,"href":"https:\/\/www.brftranan.com\/index.php\/wp-json\/wp\/v2\/pages\/1045\/revisions\/1946"}],"wp:attachment":[{"href":"https:\/\/www.brftranan.com\/index.php\/wp-json\/wp\/v2\/media?parent=1045"}],"curies":[{"name":"wp","href":"https:\/\/api.w.org\/{rel}","templated":true}]}}