{"id":1102,"date":"2019-01-28T19:34:26","date_gmt":"2019-01-28T19:34:26","guid":{"rendered":"http:\/\/www.brftranan.com\/?page_id=1102"},"modified":"2019-01-29T19:09:14","modified_gmt":"2019-01-29T19:09:14","slug":"brandskydd","status":"publish","type":"page","link":"https:\/\/www.brftranan.com\/index.php\/boendeinfo\/brandskydd\/","title":{"rendered":"Brandskydd"},"content":{"rendered":"<p>Fastighets\u00e4garen, Brf Tranan, har skyldighet att enligt lagen om skydd mot olyckor (2003:778) arbeta med brandskyddet p\u00e5 ett systematiskt s\u00e4tt. Hur det ska ske finns beskrivet i MSBs (Myndigheten f\u00f6r samh\u00e4llsskydd och beredskap) allm\u00e4nna r\u00e5d om systematiskt brandskyddsarbete (2004:3).<\/p>\n<p>Styrelsen i Brf Tranan har ett ansvar f\u00f6r f\u00f6reningens brandskydd. Styrelsen utser varje \u00e5r en eller tv\u00e5 brandansvariga utav styrelsemedlemmarna. Samtliga styrelsemedlemmar utbildas ocks\u00e5 \u00f6vergripande om brandskyddet.<\/p>\n<div>Brf Tranan har ett avtal med HSB om Systematiskt Brandskyddsarbete, SBA, och brandinspektion i f\u00f6reningen genomf\u00f6rs minst tv\u00e5 g\u00e5nger per \u00e5r av HSB. De utsedda brandansvariga i styrelsen deltar under inspektionen. Ut\u00f6ver detta g\u00f6r HSB brandronderingar en g\u00e5ng per vecka hela \u00e5ret om.<\/div>\n<div>Brandrutiner finns nedskrivna i styrelsens brandp\u00e4rm. D\u00e4r dokumenteras \u00e4ven protokoll mm fr\u00e5n brandinspektioner.<\/div>\n<div>Brandinformation finns \u00e4ven i varje portuppg\u00e5ng<\/div>\n<p><strong>L\u00e4s mer om brandskydd:<\/strong><\/p>\n<p><a href=\"https:\/\/brandsakra.se\" target=\"_blank\" rel=\"noopener\">Brands\u00e4kra &gt;<\/a><\/p>\n<p><a href=\"http:\/\/msb.se\" target=\"_blank\" rel=\"noopener\">msb.se &gt;<\/a>(F\u00f6rebygga, Brandskydd, Flerbostadshus)<\/p>\n<p><a href=\"http:\/\/hsb.se\/contentassets\/28e01ac835064f0182407d07ae54b1aa\/broschyr_brandsakerhet_i_flerbostadshus_msb-2.pdf\" target=\"_blank\" rel=\"noopener\">HSB &#8211; broschyr om brands\u00e4kerhet i flerbostadshus &gt;<\/a><\/p>\n<h3>Att t\u00e4nka p\u00e5:<\/h3>\n<ul>\n<li>Se till att du har brandvarnare i din l\u00e4genhet och kontrollera regelbundet att den fungerar. Har du ingen brandvarnare, s\u00e5 f\u00e5r du en gratis av f\u00f6reningen.<\/li>\n<li>Brandsl\u00e4ckare \u00e4r bra att ha.<\/li>\n<li>Gl\u00f6m inte att st\u00e4nga av spisen efter matlagning. Det \u00e4r den vanligaste brandorsaken av alla.<\/li>\n<li>Under vintern \u00e4r det trevligt att t\u00e4nda levande ljus, men t\u00e4nk p\u00e5 att aldrig l\u00e4mna levande ljus i ett obevakat rum.<\/li>\n<li>F\u00f6rvara inte br\u00e4nnbara saker i entr\u00e9n eller trapphuset, t ex barnvagnar, cyklar eller pulkor. Vid en brand utvecklar dessa giftiga gaser och stora f\u00f6rem\u00e5l \u00e4r ocks\u00e5 i v\u00e4gen f\u00f6r r\u00e4ddnings\u00adtj\u00e4nsten.<\/li>\n<li>R\u00f6kning \u00e4r inte till\u00e5ten i n\u00e5got av v\u00e5ra gemensamma utrymmen som trapphus, entr\u00e9er, k\u00e4llare, vind etc. Om du r\u00f6ker utomhus vid v\u00e5ra hus, sl\u00e4ng alltid fimpen sl\u00e4ckt i anvisad askkopp.<\/li>\n<li>Inga brandfarliga varor f\u00e5r heller f\u00f6rvaras i vinds- och k\u00e4llarf\u00f6rr\u00e5d eller i gemensamma utrymmen.<\/li>\n<li>H\u00e5ll anvisade v\u00e4gar fria s\u00e5 att r\u00e4ddningstj\u00e4nsten kan komma fram vid behov, parkering \u00e4r f\u00f6rbjuden vid dessa v\u00e4gar och innerg\u00e5rdar.<\/li>\n<\/ul>\n<p>Kontakta styrelsen om du ser n\u00e5got som beh\u00f6ver \u00e5tg\u00e4rdas. Tillsammans blir brandskyddet \u00e4nnu b\u00e4ttre!<\/p>\n<p>L\u00e4s ocks\u00e5 sid 2 i <a href=\"http:\/\/www.brftranan.com\/wp-content\/uploads\/2018\/12\/Trananblad-2-2018_web.pdf\" target=\"_blank\" rel=\"noopener\">Trananblad 2 2019 &gt;<\/a><\/p>\n<p>&nbsp;<\/p>\n","protected":false},"excerpt":{"rendered":"<p>Fastighets\u00e4garen, Brf Tranan, har skyldighet att enligt lagen om skydd mot olyckor (2003:778) arbeta med brandskyddet p\u00e5 ett systematiskt s\u00e4tt. Hur det ska ske finns beskrivet i MSBs (Myndigheten f\u00f6r [&hellip;]<\/p>\n","protected":false},"author":1,"featured_media":0,"parent":49,"menu_order":0,"comment_status":"closed","ping_status":"closed","template":"","meta":{"footnotes":""},"class_list":["post-1102","page","type-page","status-publish","hentry"],"_links":{"self":[{"href":"https:\/\/www.brftranan.com\/index.php\/wp-json\/wp\/v2\/pages\/1102","targetHints":{"allow":["GET"]}}],"collection":[{"href":"https:\/\/www.brftranan.com\/index.php\/wp-json\/wp\/v2\/pages"}],"about":[{"href":"https:\/\/www.brftranan.com\/index.php\/wp-json\/wp\/v2\/types\/page"}],"author":[{"embeddable":true,"href":"https:\/\/www.brftranan.com\/index.php\/wp-json\/wp\/v2\/users\/1"}],"replies":[{"embeddable":true,"href":"https:\/\/www.brftranan.com\/index.php\/wp-json\/wp\/v2\/comments?post=1102"}],"version-history":[{"count":10,"href":"https:\/\/www.brftranan.com\/index.php\/wp-json\/wp\/v2\/pages\/1102\/revisions"}],"predecessor-version":[{"id":1134,"href":"https:\/\/www.brftranan.com\/index.php\/wp-json\/wp\/v2\/pages\/1102\/revisions\/1134"}],"up":[{"embeddable":true,"href":"https:\/\/www.brftranan.com\/index.php\/wp-json\/wp\/v2\/pages\/49"}],"wp:attachment":[{"href":"https:\/\/www.brftranan.com\/index.php\/wp-json\/wp\/v2\/media?parent=1102"}],"curies":[{"name":"wp","href":"https:\/\/api.w.org\/{rel}","templated":true}]}}