{"id":113,"date":"2013-04-23T20:20:47","date_gmt":"2013-04-23T20:20:47","guid":{"rendered":"http:\/\/www.brftranan.com\/?page_id=113"},"modified":"2022-12-29T21:12:06","modified_gmt":"2022-12-29T19:12:06","slug":"fritid","status":"publish","type":"page","link":"https:\/\/www.brftranan.com\/index.php\/om-minneberg\/fritid\/","title":{"rendered":"Fritid"},"content":{"rendered":"<p>I Minneberg finns m\u00e5nga olika fritidsverksamheter, bl.a judo f\u00f6r barn, bridgeklubb, gym, v\u00e4vstugor, k\u00f6r, b\u00e5tklubb, snickeri med mera. P\u00e5 Samf\u00e4llighetens sida under Boendeinfo \/ F\u00f6renngsliv kan du l\u00e4sa mer om de olika verksamheterna.<\/p>\n<p><a href=\"https:\/\/www.hsb.se\/stockholm\/brf\/minnebergs-sam\/nyinflyttad\/foreningsliv\/\" target=\"_blank\" rel=\"noopener\">F\u00f6reningsliv i Minneberg &gt;<\/a><\/p>\n","protected":false},"excerpt":{"rendered":"<p>I Minneberg finns m\u00e5nga olika fritidsverksamheter, bl.a judo f\u00f6r barn, bridgeklubb, gym, v\u00e4vstugor, k\u00f6r, b\u00e5tklubb, snickeri med mera. P\u00e5 Samf\u00e4llighetens sida under Boendeinfo \/ F\u00f6renngsliv kan du l\u00e4sa mer om [&hellip;]<\/p>\n","protected":false},"author":1,"featured_media":0,"parent":52,"menu_order":0,"comment_status":"closed","ping_status":"closed","template":"","meta":[],"_links":{"self":[{"href":"https:\/\/www.brftranan.com\/index.php\/wp-json\/wp\/v2\/pages\/113"}],"collection":[{"href":"https:\/\/www.brftranan.com\/index.php\/wp-json\/wp\/v2\/pages"}],"about":[{"href":"https:\/\/www.brftranan.com\/index.php\/wp-json\/wp\/v2\/types\/page"}],"author":[{"embeddable":true,"href":"https:\/\/www.brftranan.com\/index.php\/wp-json\/wp\/v2\/users\/1"}],"replies":[{"embeddable":true,"href":"https:\/\/www.brftranan.com\/index.php\/wp-json\/wp\/v2\/comments?post=113"}],"version-history":[{"count":7,"href":"https:\/\/www.brftranan.com\/index.php\/wp-json\/wp\/v2\/pages\/113\/revisions"}],"predecessor-version":[{"id":1667,"href":"https:\/\/www.brftranan.com\/index.php\/wp-json\/wp\/v2\/pages\/113\/revisions\/1667"}],"up":[{"embeddable":true,"href":"https:\/\/www.brftranan.com\/index.php\/wp-json\/wp\/v2\/pages\/52"}],"wp:attachment":[{"href":"https:\/\/www.brftranan.com\/index.php\/wp-json\/wp\/v2\/media?parent=113"}],"curies":[{"name":"wp","href":"https:\/\/api.w.org\/{rel}","templated":true}]}}