{"id":14,"date":"2013-04-22T19:19:47","date_gmt":"2013-04-22T19:19:47","guid":{"rendered":"http:\/\/www.brftranan.com\/?page_id=14"},"modified":"2021-09-03T21:17:58","modified_gmt":"2021-09-03T19:17:58","slug":"hem","status":"publish","type":"page","link":"https:\/\/www.brftranan.com\/","title":{"rendered":"Brf Tranan i Minneberg"},"content":{"rendered":"<h2>V\u00e4lkommen till Brf Tranan<\/h2>\n<p><strong>H\u00e4r hittar du information om Bostadsr\u00e4ttsf\u00f6reningen Tranan i Minneberg, Bromma. Vi v\u00e4nder oss fr\u00e4mst till v\u00e5ra boende, men \u00e4ven till k\u00f6pare som vill veta mer om v\u00e5r idyll i detta tidstypiska 80-talsomr\u00e5de precis utanf\u00f6r Stockholms innerstad.<\/strong><\/p>\n<p><a href=\"http:\/\/www.brftranan.com\/wp-content\/uploads\/2019\/08\/DJI_0056.jpg\"><img loading=\"lazy\" class=\"alignnone wp-image-1214 size-large\" src=\"http:\/\/www.brftranan.com\/wp-content\/uploads\/2019\/08\/DJI_0056-e1566994679237-1024x425.jpg\" alt=\"\" width=\"600\" height=\"249\" srcset=\"https:\/\/www.brftranan.com\/wp-content\/uploads\/2019\/08\/DJI_0056-e1566994679237-1024x425.jpg 1024w, https:\/\/www.brftranan.com\/wp-content\/uploads\/2019\/08\/DJI_0056-e1566994679237-600x249.jpg 600w, https:\/\/www.brftranan.com\/wp-content\/uploads\/2019\/08\/DJI_0056-e1566994679237-768x319.jpg 768w\" sizes=\"(max-width: 600px) 100vw, 600px\" \/><\/a><\/p>\n<p>I mitten av 1980-talet omvandlades ett gammalt industriomr\u00e5de i Traneberg till ett av Stockholms vackraste nybyggda bostadsomr\u00e5den med drygt 900 bost\u00e4der. Det fick namnet Minneberg. Det \u00e4r fr\u00e5gan om sj\u00f6n\u00e4ra bebyggelse med strandpromenader, sm\u00e5b\u00e5tshamn och badplatser inom omr\u00e5det. I centrala Minneberg finns fyra bostadsr\u00e4ttsf\u00f6reningar varav Tranan \u00e4r en av de tv\u00e5 mindre, med 161 l\u00e4genheter.<\/p>\n<p>Minneberg ligger n\u00e4ra Alvik och h\u00f6r till Bromma stadsdelsf\u00f6rvaltning i Stockholm. Omr\u00e5det \u00e4r natursk\u00f6nt och ligger precis vid Ulvsundasj\u00f6n med bad och fina promenadv\u00e4gar, men det \u00e4r \u00e4nd\u00e5 n\u00e4ra till centrala Stockholm. Till Alvik g\u00e5r buss 114, och d\u00e4rifr\u00e5n tar tunnelbanan ca 15 minuter till T-Centralen.<\/p>\n<p>I Minneberg finns en n\u00e4rbutik, Coop N\u00e4ra, parkeringsgarage, tv\u00e5 samlingslokaler och flera g\u00e4stl\u00e4genheter som kan hyras av de boende vid behov, samt ett rikt f\u00f6reningsliv med allt fr\u00e5n v\u00e4vning till gym p\u00e5 programmet.<\/p>\n","protected":false},"excerpt":{"rendered":"<p>V\u00e4lkommen till Brf Tranan H\u00e4r hittar du information om Bostadsr\u00e4ttsf\u00f6reningen Tranan i Minneberg, Bromma. Vi v\u00e4nder oss fr\u00e4mst till v\u00e5ra boende, men \u00e4ven till k\u00f6pare som vill veta mer om [&hellip;]<\/p>\n","protected":false},"author":1,"featured_media":0,"parent":0,"menu_order":0,"comment_status":"closed","ping_status":"closed","template":"","meta":[],"_links":{"self":[{"href":"https:\/\/www.brftranan.com\/index.php\/wp-json\/wp\/v2\/pages\/14"}],"collection":[{"href":"https:\/\/www.brftranan.com\/index.php\/wp-json\/wp\/v2\/pages"}],"about":[{"href":"https:\/\/www.brftranan.com\/index.php\/wp-json\/wp\/v2\/types\/page"}],"author":[{"embeddable":true,"href":"https:\/\/www.brftranan.com\/index.php\/wp-json\/wp\/v2\/users\/1"}],"replies":[{"embeddable":true,"href":"https:\/\/www.brftranan.com\/index.php\/wp-json\/wp\/v2\/comments?post=14"}],"version-history":[{"count":56,"href":"https:\/\/www.brftranan.com\/index.php\/wp-json\/wp\/v2\/pages\/14\/revisions"}],"predecessor-version":[{"id":1490,"href":"https:\/\/www.brftranan.com\/index.php\/wp-json\/wp\/v2\/pages\/14\/revisions\/1490"}],"wp:attachment":[{"href":"https:\/\/www.brftranan.com\/index.php\/wp-json\/wp\/v2\/media?parent=14"}],"curies":[{"name":"wp","href":"https:\/\/api.w.org\/{rel}","templated":true}]}}