{"id":152,"date":"2013-04-24T19:29:07","date_gmt":"2013-04-24T19:29:07","guid":{"rendered":"http:\/\/www.brftranan.com\/?page_id=152"},"modified":"2024-01-01T17:08:20","modified_gmt":"2024-01-01T15:08:20","slug":"portar","status":"publish","type":"page","link":"https:\/\/www.brftranan.com\/index.php\/boendeinfo\/portar\/","title":{"rendered":"Portar"},"content":{"rendered":"<p>Det \u00e4r viktigt att vi h\u00e5ller v\u00e5ra portar st\u00e4ngda, dels f\u00f6r inbrottsrisken, men ocks\u00e5 f\u00f6r att h\u00e5lla energif\u00f6rbrukningen nere. V\u00e4rmen f\u00f6rsvinner ut om det \u00e4r kallare ute, och belysningen i trapphusen regleras av ljud och med \u00f6ppen d\u00f6rr kan det st\u00e5 och lysa i on\u00f6dan.<\/p>\n<h2>Nyckelbrickor<\/h2>\n<p>I Tranan har vi nyckelbrickor som \u00e4r programmerade att \u00f6ppna de d\u00f6rrar man har beh\u00f6righet till. T.ex den egna porten, garaget om man har parkeringsplats, port 90 med grovtv\u00e4ttstugan och grovsoprummet. Hanteringen av dessa sk\u00f6ts av Panncentralen h\u00e4r i Minneberg (vid s\u00f6dra infarten mittemot grovsoprummet). Om du f\u00f6rlorar din bricka, s\u00e5 anm\u00e4l det snarast s\u00e5 att obeh\u00f6riga inte kan ta sig in i portarna och garaget.<\/p>\n<h2>Porttelefonen<\/h2>\n<p>Porttelefonen \u00e4r kopplad till din telefon, det g\u00e5r allts\u00e5 bra att \u00e4ven koppla den till en mobil, vilket ju inte alltid \u00e4r smidigt om flera personer bor i l\u00e4genheten och mobilen \u00e4r p\u00e5 ett annat st\u00e4lle. I din m\u00e5nadsavgift ing\u00e5r gratis telefoni via Bredbandsbolaget, s\u00e5 fundera p\u00e5 att skaffa ett gratis-abonnemang (du betalar bara f\u00f6r samtalskostnaden). L\u00e4s mer under TV\/Bredband och telefoni. F\u00f6r att best\u00e4lla koppling eller \u00e4ndring, kontakta servicecenter och gl\u00f6m inte att ange l\u00e4genhetsnumret.<\/p>\n<h3>S\u00e5 h\u00e4r fungerar porttelefonen<\/h3>\n<p>P\u00e5 anslagtavlan utanf\u00f6r porten finns kortnummer angivna vid varje namn. Bes\u00f6karen trycker f\u00f6rst &#8221;B&#8221; f\u00f6ljt av ditt kortnummer, eller ditt vanliga telefonnummer. Efter kl 21.00 fungerar bara det vanliga telefonnumret f\u00f6r att f\u00f6rhindra &#8221;busringningar&#8221; mitt i natten.<\/p>\n<p>N\u00e4r n\u00e5gon slagit in ditt nummer s\u00e5 ringer din telefon som vanligt. N\u00e4r du lyfter luren h\u00f6rs en melodi. N\u00e4r du talat med bes\u00f6karen och best\u00e4mt om du vill \u00f6ppna porten eller inte, tryck &#8221;5&#8221; p\u00e5 din telefon f\u00f6r att \u00f6ppna porten, och &#8221;0&#8221; f\u00f6r att l\u00e5ta bli.<\/p>\n<h3>Telefonsvarare<\/h3>\n<p>Om du har telefonsvarare m\u00e5ste du modifiera svarsmeddelandet s\u00e5 att telefonsvaren inte \u00f6ppnar porten. Om du vill att ditt svarsmeddelande ska h\u00f6ras i porttelefonen m\u00e5ste det vara kortare \u00e4n 45 sekunder. Om du inte vill att det ska h\u00f6ras s\u00e5 spelar du in tonsignalen &#8221;0&#8221; innan sj\u00e4lva meddelandet.<\/p>\n","protected":false},"excerpt":{"rendered":"<p>Det \u00e4r viktigt att vi h\u00e5ller v\u00e5ra portar st\u00e4ngda, dels f\u00f6r inbrottsrisken, men ocks\u00e5 f\u00f6r att h\u00e5lla energif\u00f6rbrukningen nere. V\u00e4rmen f\u00f6rsvinner ut om det \u00e4r kallare ute, och belysningen i [&hellip;]<\/p>\n","protected":false},"author":1,"featured_media":0,"parent":49,"menu_order":0,"comment_status":"closed","ping_status":"closed","template":"","meta":[],"_links":{"self":[{"href":"https:\/\/www.brftranan.com\/index.php\/wp-json\/wp\/v2\/pages\/152"}],"collection":[{"href":"https:\/\/www.brftranan.com\/index.php\/wp-json\/wp\/v2\/pages"}],"about":[{"href":"https:\/\/www.brftranan.com\/index.php\/wp-json\/wp\/v2\/types\/page"}],"author":[{"embeddable":true,"href":"https:\/\/www.brftranan.com\/index.php\/wp-json\/wp\/v2\/users\/1"}],"replies":[{"embeddable":true,"href":"https:\/\/www.brftranan.com\/index.php\/wp-json\/wp\/v2\/comments?post=152"}],"version-history":[{"count":6,"href":"https:\/\/www.brftranan.com\/index.php\/wp-json\/wp\/v2\/pages\/152\/revisions"}],"predecessor-version":[{"id":1776,"href":"https:\/\/www.brftranan.com\/index.php\/wp-json\/wp\/v2\/pages\/152\/revisions\/1776"}],"up":[{"embeddable":true,"href":"https:\/\/www.brftranan.com\/index.php\/wp-json\/wp\/v2\/pages\/49"}],"wp:attachment":[{"href":"https:\/\/www.brftranan.com\/index.php\/wp-json\/wp\/v2\/media?parent=152"}],"curies":[{"name":"wp","href":"https:\/\/api.w.org\/{rel}","templated":true}]}}