{"id":404,"date":"2013-12-13T10:13:56","date_gmt":"2013-12-13T10:13:56","guid":{"rendered":"http:\/\/www.brftranan.com\/?page_id=404"},"modified":"2013-12-13T10:24:06","modified_gmt":"2013-12-13T10:24:06","slug":"polisen_informerar","status":"publish","type":"page","link":"https:\/\/www.brftranan.com\/index.php\/om-minneberg\/polisen_informerar\/","title":{"rendered":"Polisen informerar"},"content":{"rendered":"<p>Fr\u00e5n och med december 2013 s\u00e5 publicerar vi Polisens nyhetsbrev h\u00e4r.<\/p>\n<p><a href=\"http:\/\/www.brftranan.com\/wp-content\/uploads\/2013\/12\/dec-2013-bromma.pdf\">Polisens nyhetsbrev december 2013 Bromma<\/a>\u00a0&#8211; Tips p\u00e5 hur du skall agera under julen samt statistik.<\/p>\n","protected":false},"excerpt":{"rendered":"<p>Fr\u00e5n och med december 2013 s\u00e5 publicerar vi Polisens nyhetsbrev h\u00e4r. Polisens nyhetsbrev december 2013 Bromma\u00a0&#8211; Tips p\u00e5 hur du skall agera under julen samt statistik.<\/p>\n","protected":false},"author":1,"featured_media":0,"parent":52,"menu_order":6,"comment_status":"closed","ping_status":"closed","template":"","meta":{"footnotes":""},"class_list":["post-404","page","type-page","status-publish","hentry"],"_links":{"self":[{"href":"https:\/\/www.brftranan.com\/index.php\/wp-json\/wp\/v2\/pages\/404","targetHints":{"allow":["GET"]}}],"collection":[{"href":"https:\/\/www.brftranan.com\/index.php\/wp-json\/wp\/v2\/pages"}],"about":[{"href":"https:\/\/www.brftranan.com\/index.php\/wp-json\/wp\/v2\/types\/page"}],"author":[{"embeddable":true,"href":"https:\/\/www.brftranan.com\/index.php\/wp-json\/wp\/v2\/users\/1"}],"replies":[{"embeddable":true,"href":"https:\/\/www.brftranan.com\/index.php\/wp-json\/wp\/v2\/comments?post=404"}],"version-history":[{"count":10,"href":"https:\/\/www.brftranan.com\/index.php\/wp-json\/wp\/v2\/pages\/404\/revisions"}],"predecessor-version":[{"id":416,"href":"https:\/\/www.brftranan.com\/index.php\/wp-json\/wp\/v2\/pages\/404\/revisions\/416"}],"up":[{"embeddable":true,"href":"https:\/\/www.brftranan.com\/index.php\/wp-json\/wp\/v2\/pages\/52"}],"wp:attachment":[{"href":"https:\/\/www.brftranan.com\/index.php\/wp-json\/wp\/v2\/media?parent=404"}],"curies":[{"name":"wp","href":"https:\/\/api.w.org\/{rel}","templated":true}]}}