{"id":422,"date":"2014-01-14T20:50:25","date_gmt":"2014-01-14T20:50:25","guid":{"rendered":"http:\/\/www.brftranan.com\/?page_id=422"},"modified":"2025-08-19T15:00:28","modified_gmt":"2025-08-19T13:00:28","slug":"foreningsstammor","status":"publish","type":"page","link":"https:\/\/www.brftranan.com\/index.php\/brf-tranan\/foreningsstammor\/","title":{"rendered":"F\u00f6reningsst\u00e4mmor"},"content":{"rendered":"<p>En g\u00e5ng om \u00e5ret \u2013 efter f\u00f6rsta mars, men f\u00f6re juni m\u00e5nads utg\u00e5ng \u2013 h\u00e5ller f\u00f6reningen sin ordinarie \u00e5rsst\u00e4mma. P\u00e5 st\u00e4mman v\u00e4ljs styrelse, revisorer och valberedning.<\/p>\n<p>Verksamhetsber\u00e4ttelse och bokslut f\u00f6r det g\u00e5ngna \u00e5ret g\u00e5s igenom och f\u00f6rklaras. St\u00e4mman avg\u00f6r hur \u00e5rets \u00f6ver eller underskott behandlas.<\/p>\n<p>Medlem, som \u00f6nskar visst \u00e4rende behandlat p\u00e5 f\u00f6reningsst\u00e4mman, ska skriftligen anm\u00e4la \u00e4rendet till styrelsen \u2013 f\u00f6re februari m\u00e5nads utg\u00e5ng. Detta f\u00f6r att styrelsen ska hinna behandla motionerna och utarbeta f\u00f6rslag till beslut.<\/p>\n<p>Tidigast fyra veckor och senast tv\u00e5 veckor f\u00f6re ordinarie st\u00e4mman f\u00e5r du kallelse med dagordning och n\u00f6dv\u00e4ndig information. Varje medlem har en r\u00f6st. Om du inte kan komma sj\u00e4lv, s\u00e5 kan du ge fullmakt \u00e5t make\/maka, registrerad partner, sambo, f\u00f6r\u00e4ldrar, syskon, barn eller annan medlem. Ombud f\u00e5r bara f\u00f6retr\u00e4da en medlem. F\u00f6reningen kan kalla till extra f\u00f6reningsst\u00e4mma vid behov.<\/p>\n<p><a href=\"https:\/\/www.brftranan.com\/wp-content\/uploads\/2025\/05\/Protokoll_BrfTranan_Foreningsstamma_2025-web.pdf\" target=\"_blank\" rel=\"noopener\"><strong>Protokoll fr\u00e5n F\u00f6reningsst\u00e4mman 2025-05-08<\/strong><\/a><br \/>\n<a href=\"https:\/\/www.brftranan.com\/wp-content\/uploads\/2025\/08\/BrfTranan-Arsredovisning2024-final.pdf\" target=\"_blank\" rel=\"noopener\"><strong>\u00c5rsredovisning 2024 &gt;<\/strong><\/a><\/p>\n<p><a href=\"https:\/\/www.brftranan.com\/wp-content\/uploads\/2024\/05\/Protokoll_BrfTranan_Foreningsstamma_2024.pdf\" target=\"_blank\" rel=\"noopener\">Protokoll fr\u00e5n F\u00f6reningsst\u00e4mma 2024-05.02 &gt;<\/a><br \/>\n<a href=\"https:\/\/www.brftranan.com\/wp-content\/uploads\/2024\/05\/BrfTranan-arsredovisning-24-web-rev.pdf\" target=\"_blank\" rel=\"noopener\">\u00c5rsredovisning 2023 &gt;<\/a><\/p>\n<p><a href=\"https:\/\/www.brftranan.com\/wp-content\/uploads\/2023\/05\/Protokoll_BrfTranan_Foreningsstamma_2023-web.pdf\" target=\"_blank\" rel=\"noopener\">Protokoll fr\u00e5n F\u00f6reningsst\u00e4mma 2023-05-04 &gt;<\/a><br \/>\n<a href=\"https:\/\/www.brftranan.com\/wp-content\/uploads\/2023\/05\/EkonRed222259_2023-05-04.pdf\" target=\"_blank\" rel=\"noopener\">HSBs presentation av f\u00f6reningens ekonomi &gt;<\/a><br \/>\n<a href=\"https:\/\/www.brftranan.com\/wp-content\/uploads\/2023\/04\/Arsredovisning-Tranan-2022-web.pdf\" target=\"_blank\" rel=\"noopener\">\u00c5rsredovisning 2022 &gt;<\/a><\/p>\n<p><a href=\"https:\/\/www.brftranan.com\/wp-content\/uploads\/2022\/05\/Protokoll_BrfTranan_Foreningsstamma_2022-web.pdf\" target=\"_blank\" rel=\"noopener\">Protokoll fr\u00e5n F\u00f6reningsst\u00e4mma 2022-05-05 &gt;<\/a><br \/>\n<a href=\"https:\/\/www.brftranan.com\/wp-content\/uploads\/2022\/04\/arsredovisning_BrfTranan259_21.pdf\" target=\"_blank\" rel=\"noopener\">\u00c5rsredovisning 2021 &gt;<\/a><\/p>\n<p><a href=\"https:\/\/www.brftranan.com\/wp-content\/uploads\/2021\/09\/Protokoll_BrfTranan_Extrastamma_2021-09-02-web.pdf\" target=\"_blank\" rel=\"noopener\">Protokoll fr\u00e5n Extra F\u00f6reningsst\u00e4mma 2021-09-02 &gt;<\/a><\/p>\n<p><a href=\"http:\/\/www.brftranan.com\/wp-content\/uploads\/2021\/04\/arsredovisning_20_Tranan_2259-web.pdf\" target=\"_blank\" rel=\"noopener noreferrer\">\u00c5rsredovisning 2020 &gt;<\/a><br \/>\n<a href=\"http:\/\/www.brftranan.com\/wp-content\/uploads\/2021\/05\/Protokoll_BrfTranan_Foreningsstamma_2021-web.pdf\" target=\"_blank\" rel=\"noopener noreferrer\">Protokoll fr\u00e5n F\u00f6reningsst\u00e4mma 2021-05-06 &gt;<\/a><\/p>\n<p><a href=\"http:\/\/www.brftranan.com\/wp-content\/uploads\/2020\/04\/arsredovisning_19_Tranan_2259-low.pdf\" target=\"_blank\" rel=\"noopener noreferrer\">\u00c5rsredovisning 2019 &gt;<\/a><br \/>\n<a href=\"http:\/\/www.brftranan.com\/wp-content\/uploads\/2021\/01\/Protokoll_BrfTranan_Foreningsstamma_2020-underskrivet.pdf\" target=\"_blank\" rel=\"noopener noreferrer\">Protokoll fr\u00e5n F\u00f6reningsst\u00e4mma 2020-05-07 &gt;<\/a><\/p>\n<p><a href=\"http:\/\/www.brftranan.com\/wp-content\/uploads\/2019\/04\/Arsredovisning-BrfTranan_2018-web.pdf\" target=\"_blank\" rel=\"noopener noreferrer\">\u00c5rsredovisning 2018 &gt;<\/a><br \/>\n<a href=\"http:\/\/www.brftranan.com\/wp-content\/uploads\/2019\/05\/Protokoll_BrfTranan_Foreningsstamma_2019-web.pdf\" target=\"_blank\" rel=\"noopener noreferrer\">Protokoll fr\u00e5n F\u00f6reningsst\u00e4mma 2019-05-09&gt;<\/a><\/p>\n<p><a href=\"http:\/\/www.brftranan.com\/wp-content\/uploads\/2018\/05\/arsredovisning_17_Tranan_2259-web.pdf\" target=\"_blank\" rel=\"noopener noreferrer\">\u00c5rsredovisning 2017 &gt;<\/a><br \/>\n<a href=\"http:\/\/www.brftranan.com\/wp-content\/uploads\/2018\/05\/Protokoll_Foreningsstamma_2018-web.pdf\" target=\"_blank\" rel=\"noopener noreferrer\">Protokoll fr\u00e5n F\u00f6reningsst\u00e4mma 2018-05-03 &gt;<\/a><br \/>\n<a href=\"http:\/\/www.brftranan.com\/wp-content\/uploads\/2018\/05\/Styrelsens-forslag-till-garageutbyggnad-Brf-Tranan.pdf\" target=\"_blank\" rel=\"noopener noreferrer\">Bilaga 7 &gt;<\/a> \u00d6vriga bilagor finns i \u00c5rseredovisningen.<\/p>\n<p><a href=\"http:\/\/www.brftranan.com\/wp-content\/uploads\/2017\/04\/arsredovisning_16_Tranan_2259-web.pdf\" target=\"_blank\" rel=\"noopener noreferrer\">\u00c5rsredovisning 2016 &gt;<\/a><br \/>\n<a href=\"http:\/\/www.brftranan.com\/wp-content\/uploads\/2017\/05\/Protokoll_Foreningsstamma_2017-web.pdf\" target=\"_blank\" rel=\"noopener noreferrer\">Protokoll fr\u00e5n F\u00f6reningsst\u00e4mma 2017-05-04 &gt;<\/a><\/p>\n<p><a href=\"http:\/\/www.brftranan.com\/wp-content\/uploads\/2016\/05\/arsredovisning_15_Tranan_2259.pdf\" target=\"_blank\" rel=\"noopener noreferrer\">\u00c5rsredovisning 2015 &gt;<br \/>\n<\/a><a href=\"http:\/\/www.brftranan.com\/wp-content\/uploads\/2016\/06\/Protokoll_Foreningsstamma_2016-web.pdf\" target=\"_blank\" rel=\"noopener noreferrer\">Protokoll fr\u00e5n F\u00f6reningsst\u00e4mma 2016-05-19 &gt;<\/a><\/p>\n<p><a href=\"http:\/\/www.brftranan.com\/wp-content\/uploads\/2015\/12\/Protokoll_Extrastamma_2015-12-02.pdf\">Protokoll fr\u00e5n Extra F\u00f6reningsst\u00e4mma 2015-12-02 &gt;<\/a><\/p>\n<p><a title=\"\u00c5rsredovisning 2014 Brf Tranan\" href=\"http:\/\/www.brftranan.com\/wp-content\/uploads\/2015\/06\/arsredovisning_14_Tranan_2259.pdf\" target=\"_blank\" rel=\"noopener noreferrer\">\u00c5rsredovisning 2014 &gt;<\/a><br \/>\n<a title=\"Protokoll F\u00f6reningsst\u00e4mma 2015\" href=\"http:\/\/www.brftranan.com\/wp-content\/uploads\/2015\/05\/Protokoll_Foreningsstamma_2015.pdf\" target=\"_blank\" rel=\"noopener noreferrer\">Protokoll fr\u00e5n F\u00f6reningsst\u00e4mman 2015 &gt;<\/a><\/p>\n<p><a href=\"http:\/\/www.brftranan.com\/wp-content\/uploads\/2014\/05\/Arsredovisning_2013.pdf\" target=\"_blank\" rel=\"noopener noreferrer\">\u00c5rsredovisning 2013 &gt;<\/a><br \/>\n<a href=\"http:\/\/www.brftranan.com\/wp-content\/uploads\/2014\/05\/Protokoll_Foreningsstamma_2014.pdf\" target=\"_blank\" rel=\"noopener noreferrer\">Protokoll fr\u00e5n F\u00f6reningsst\u00e4mman 2014 &gt;<\/a><\/p>\n<p><a title=\"\u00c5rsredovisning 2012\" href=\"http:\/\/www.brftranan.com\/wp-content\/uploads\/2014\/01\/arsredovisning_12_tranan_2259-low.pdf\" target=\"_blank\" rel=\"noopener noreferrer\">\u00c5rsredovisning 2012 &gt;<\/a><br \/>\n<a title=\"Protokoll f\u00f6reningsst\u00e4mma 2013\" href=\"http:\/\/www.brftranan.com\/wp-content\/uploads\/2014\/01\/Protokoll_Foreningsstamma_2013.pdf\" target=\"_blank\" rel=\"noopener noreferrer\">Protokoll fr\u00e5n F\u00f6reningsst\u00e4mman 2013&gt;<\/a><\/p>\n<p><a title=\"\u00c5rsredovisning 2011\" href=\"http:\/\/www.brftranan.com\/wp-content\/uploads\/2014\/01\/A\u030arsredovisning-Tranan-2011.pdf\" target=\"_blank\" rel=\"noopener noreferrer\">\u00c5rsredovisning 2011 &gt;<\/a><br \/>\n<a title=\"Protokoll f\u00f6reningsst\u00e4mma 2012\" href=\"http:\/\/www.brftranan.com\/wp-content\/uploads\/2014\/01\/Protokoll_Foreningsstamma_2012.pdf\" target=\"_blank\" rel=\"noopener noreferrer\">Protokoll fr\u00e5n F\u00f6reningsst\u00e4mman 2012&gt;<\/a><\/p>\n<p><a title=\"\u00c5rsredovisning 2010\" href=\"http:\/\/www.brftranan.com\/wp-content\/uploads\/2014\/01\/A\u030arsredovisning-Brf-Tranan-2010.pdf\" target=\"_blank\" rel=\"noopener noreferrer\">\u00c5rsredovisning 2010 &gt;<\/a><br \/>\n<a title=\"Protokoll f\u00f6reningsst\u00e4mma 2011\" href=\"http:\/\/www.brftranan.com\/wp-content\/uploads\/2014\/01\/Protokoll_Foreningsstamma_2011.pdf\" target=\"_blank\" rel=\"noopener noreferrer\">Protokoll fr\u00e5n F\u00f6reningsst\u00e4mman 2011&gt;<\/a><\/p>\n<p>&nbsp;<\/p>\n","protected":false},"excerpt":{"rendered":"<p>En g\u00e5ng om \u00e5ret \u2013 efter f\u00f6rsta mars, men f\u00f6re juni m\u00e5nads utg\u00e5ng \u2013 h\u00e5ller f\u00f6reningen sin ordinarie \u00e5rsst\u00e4mma. P\u00e5 st\u00e4mman v\u00e4ljs styrelse, revisorer och valberedning. Verksamhetsber\u00e4ttelse och bokslut f\u00f6r [&hellip;]<\/p>\n","protected":false},"author":1,"featured_media":0,"parent":31,"menu_order":0,"comment_status":"closed","ping_status":"closed","template":"","meta":{"footnotes":""},"class_list":["post-422","page","type-page","status-publish","hentry"],"_links":{"self":[{"href":"https:\/\/www.brftranan.com\/index.php\/wp-json\/wp\/v2\/pages\/422","targetHints":{"allow":["GET"]}}],"collection":[{"href":"https:\/\/www.brftranan.com\/index.php\/wp-json\/wp\/v2\/pages"}],"about":[{"href":"https:\/\/www.brftranan.com\/index.php\/wp-json\/wp\/v2\/types\/page"}],"author":[{"embeddable":true,"href":"https:\/\/www.brftranan.com\/index.php\/wp-json\/wp\/v2\/users\/1"}],"replies":[{"embeddable":true,"href":"https:\/\/www.brftranan.com\/index.php\/wp-json\/wp\/v2\/comments?post=422"}],"version-history":[{"count":49,"href":"https:\/\/www.brftranan.com\/index.php\/wp-json\/wp\/v2\/pages\/422\/revisions"}],"predecessor-version":[{"id":1916,"href":"https:\/\/www.brftranan.com\/index.php\/wp-json\/wp\/v2\/pages\/422\/revisions\/1916"}],"up":[{"embeddable":true,"href":"https:\/\/www.brftranan.com\/index.php\/wp-json\/wp\/v2\/pages\/31"}],"wp:attachment":[{"href":"https:\/\/www.brftranan.com\/index.php\/wp-json\/wp\/v2\/media?parent=422"}],"curies":[{"name":"wp","href":"https:\/\/api.w.org\/{rel}","templated":true}]}}