{"id":50,"date":"2013-04-23T18:51:49","date_gmt":"2013-04-23T18:51:49","guid":{"rendered":"http:\/\/www.brftranan.com\/?page_id=50"},"modified":"2024-01-07T16:59:10","modified_gmt":"2024-01-07T14:59:10","slug":"felanmalan","status":"publish","type":"page","link":"https:\/\/www.brftranan.com\/index.php\/felanmalan\/","title":{"rendered":"Felanm\u00e4lan"},"content":{"rendered":"<p>Fr\u00e5n och med 1 januari 2024 sk\u00f6ts f\u00f6rvaltningen av Fastighets\u00e4garna Service, F\u00c4S.<\/p>\n<h2>Felanm\u00e4lan till Fastighets\u00e4garna Service f\u00f6rvaltning<\/h2>\n<p>N\u00e4r du uppt\u00e4cker du fel i fastigheten, t ex stopp i avloppet, elfel eller trasiga lampor i trapphus, g\u00f6r en felanm\u00e4lan till Fastighets\u00e4garna Service f\u00f6rvaltning. Det finns flera s\u00e4tt att felanm\u00e4la.<\/p>\n<h3>1. Felanm\u00e4l via boendeappen<\/h3>\n<p>Enklast och snabbast \u00e4r oftast att felanm\u00e4la via boendeappen. D\u00e4r kan du beskriva ditt \u00e4rende och ladda upp en bild vid behov. Sedan kan du f\u00f6lja ditt \u00e4rende i appen tills att det \u00e4r l\u00f6st. Ladda ner boendeappen genom att s\u00f6ka p\u00e5 <em>Boendeappen Avy<\/em> i Google Play eller i App Store.<\/p>\n<h3>2. Felanm\u00e4l via webben<\/h3>\n<p>Du kan ocks\u00e5 skicka dig f\u00f6rfr\u00e5gan eller felanm\u00e4lan via <a href=\"http:\/\/www.fastighetsagarna.se\/\" target=\"_blank\" rel=\"noopener\">www.fastighetsagarna.se<\/a>. Du hittar formul\u00e4ret direkt <a href=\"https:\/\/www.fastighetsagarna.se\/felanmalan\/?region=Stockholm\" target=\"_blank\" rel=\"noopener\">p\u00e5 denna l\u00e4nk<\/a>.<\/p>\n<h3>3. Felanm\u00e4l till F\u00c4S kundservice<\/h3>\n<p>F\u00c4S kundservice har \u00f6ppet m\u00e5ndag till torsdag 07.00 \u2013 17.00 och fredag 07.00 \u2013 16.00.<br \/>\nH\u00e4r f\u00e5r du hj\u00e4lp med alla typer av \u00e4renden.<\/p>\n<p>Du kan kontakta dem via telefon 08-617 76 00 eller via e-post <a href=\"mailto:kundservice@fastighetsagarna.se\">kundservice@fastighetsagarna.se<\/a><\/p>\n<h2>Fastighetssk\u00f6tarna<\/h2>\n<p>P\u00e5 expeditionen i Minneberg (panncentralen), Svartviksslingan 93, kan du bl.a. f\u00e5 hj\u00e4lp med nyckelbrickorna,\/portelefonen, k\u00f6pa fl\u00e4ktfilter, lysr\u00f6r m m. Det \u00e4r ocks\u00e5 h\u00e4r som fastighetssk\u00f6tarna i omr\u00e5det finns.<br \/>\n\u00d6ppet: tisdag 7.15\u20138.00 (fastighetssk\u00f6tare), onsdag 9.00\u201311.00 (f\u00f6rvaltare, i m\u00e5n av tid \u00e4ven fastighetssk\u00f6tare), torsdag 16.00\u201317.00 (fastighetssk\u00f6tare, ej \u00f6ppet sommartid).<\/p>\n<h2>Hissar<\/h2>\n<p><strong>Om hissen kr\u00e5nglar&#8230;<br \/>\n<\/strong>&#8230;och du sitter fast i hissen, ring Stockholm Hiss &amp; Elektronik AB om du har mobilen med dig eller tryck p\u00e5 larmknappen, s\u00e5 att dina grannar uppm\u00e4rksammar att n\u00e5gon fastnat i hissen. Telefonnumret finns anslaget i hissen.<br \/>\nTelefon Stockholm Hiss &amp; Elekronik AB, felanm\u00e4lan dygnet runt 08-779 53 53.<\/p>\n<h2>Hemmet<\/h2>\n<p>OBS! Inre underh\u00e5ll av din l\u00e4genhet ansvarar du sj\u00e4lv f\u00f6r. Om t.ex. kranen droppar kontaktar du F\u00c4S, se ovan.<\/p>\n<h2>Garagen<\/h2>\n<p>Om t.ex. grinden till garaget kr\u00e5nglar kontakta d\u00e5 Garageansvariga &#8211; mail <a href=\"mailto:garage@minneberg.com\">garage@minneberg.com<\/a><\/p>\n<h2>Journummer<\/h2>\n<p><strong>Endast vid akuta fall: 08-657 64 50<\/strong><\/p>\n<p>Var noga med att inte ringa f\u00f6r s\u00e5dant som kan v\u00e4nta till n\u00e4sta arbetsdag. T\u00e4nk p\u00e5 att de flesta jourutryckningar f\u00e5r du bekosta sj\u00e4lv.<\/p>\n","protected":false},"excerpt":{"rendered":"<p>Fr\u00e5n och med 1 januari 2024 sk\u00f6ts f\u00f6rvaltningen av Fastighets\u00e4garna Service, F\u00c4S. Felanm\u00e4lan till Fastighets\u00e4garna Service f\u00f6rvaltning N\u00e4r du uppt\u00e4cker du fel i fastigheten, t ex stopp i avloppet, elfel [&hellip;]<\/p>\n","protected":false},"author":1,"featured_media":0,"parent":0,"menu_order":0,"comment_status":"closed","ping_status":"closed","template":"","meta":{"footnotes":""},"class_list":["post-50","page","type-page","status-publish","hentry"],"_links":{"self":[{"href":"https:\/\/www.brftranan.com\/index.php\/wp-json\/wp\/v2\/pages\/50","targetHints":{"allow":["GET"]}}],"collection":[{"href":"https:\/\/www.brftranan.com\/index.php\/wp-json\/wp\/v2\/pages"}],"about":[{"href":"https:\/\/www.brftranan.com\/index.php\/wp-json\/wp\/v2\/types\/page"}],"author":[{"embeddable":true,"href":"https:\/\/www.brftranan.com\/index.php\/wp-json\/wp\/v2\/users\/1"}],"replies":[{"embeddable":true,"href":"https:\/\/www.brftranan.com\/index.php\/wp-json\/wp\/v2\/comments?post=50"}],"version-history":[{"count":19,"href":"https:\/\/www.brftranan.com\/index.php\/wp-json\/wp\/v2\/pages\/50\/revisions"}],"predecessor-version":[{"id":1781,"href":"https:\/\/www.brftranan.com\/index.php\/wp-json\/wp\/v2\/pages\/50\/revisions\/1781"}],"wp:attachment":[{"href":"https:\/\/www.brftranan.com\/index.php\/wp-json\/wp\/v2\/media?parent=50"}],"curies":[{"name":"wp","href":"https:\/\/api.w.org\/{rel}","templated":true}]}}